{"id":94,"date":"2013-01-21T18:26:51","date_gmt":"2013-01-21T16:26:51","guid":{"rendered":"http:\/\/www.m3.com.tr\/eng\/?page_id=94"},"modified":"2019-02-04T01:45:48","modified_gmt":"2019-02-04T01:45:48","slug":"indoor-outdoor","status":"publish","type":"page","link":"https:\/\/www.m3.com.tr\/eng\/indoor-outdoor\/","title":{"rendered":"Indoor &#038; Outdoor"},"content":{"rendered":"<p><a href=\"http:\/\/www.m3.com.tr\/eng\/videostar\"><img decoding=\"async\" class=\"lazyload size-full wp-image-1473 alignleft\" src=\"data:image\/svg+xml,%3Csvg%20xmlns%3D%27http%3A%2F%2Fwww.w3.org%2F2000%2Fsvg%27%20width%3D%2775%27%20height%3D%2775%27%20viewBox%3D%270%200%2075%2075%27%3E%3Crect%20width%3D%2775%27%20height%3D%2775%27%20fill-opacity%3D%220%22%2F%3E%3C%2Fsvg%3E\" data-orig-src=\"http:\/\/www.m3.com.tr\/wp-content\/uploads\/2015\/04\/videostar.jpg\" alt=\"videostar\" width=\"75\" height=\"75\" \/><\/a><b>Videostar Movie Workshop<\/b><br \/>\n<a href=\"http:\/\/www.m3.com.tr\/eng\/videostar\">Click for more information &gt;<\/a><\/p>\n<p>&nbsp;<\/p>\n<p><a href=\"http:\/\/www.m3.com.tr\/eng\/secret-mission\/\"><img decoding=\"async\" class=\"lazyload size-full wp-image-1473 alignleft\" src=\"data:image\/svg+xml,%3Csvg%20xmlns%3D%27http%3A%2F%2Fwww.w3.org%2F2000%2Fsvg%27%20width%3D%2775%27%20height%3D%2775%27%20viewBox%3D%270%200%2075%2075%27%3E%3Crect%20width%3D%2775%27%20height%3D%2775%27%20fill-opacity%3D%220%22%2F%3E%3C%2Fsvg%3E\" data-orig-src=\"http:\/\/www.m3.com.tr\/wp-content\/uploads\/2015\/04\/gizligorev.jpg\" alt=\"\" width=\"75\" height=\"75\" \/><\/a><b>Secret Mission: School of Heroes<\/b><br \/>\n<a href=\"http:\/\/www.m3.com.tr\/eng\/secret-mission\/\">Click for more information &gt;<\/a><\/p>\n<p>&nbsp;<\/p>\n<p><a href=\"http:\/\/www.m3.com.tr\/eng\/the-man-who-saved-the-world\/\"><img decoding=\"async\" class=\"lazyload size-full wp-image-1473 alignleft\" src=\"data:image\/svg+xml,%3Csvg%20xmlns%3D%27http%3A%2F%2Fwww.w3.org%2F2000%2Fsvg%27%20width%3D%2775%27%20height%3D%2775%27%20viewBox%3D%270%200%2075%2075%27%3E%3Crect%20width%3D%2775%27%20height%3D%2775%27%20fill-opacity%3D%220%22%2F%3E%3C%2Fsvg%3E\" data-orig-src=\"http:\/\/www.m3.com.tr\/wp-content\/uploads\/2015\/04\/dunyayi.jpg\" alt=\"\" width=\"75\" height=\"75\" \/><\/a><b>The Man Who Saved the World<\/b><br \/>\n<a href=\"http:\/\/www.m3.com.tr\/eng\/the-man-who-saved-the-world\/\">Click for more information &gt;<\/a><\/p>\n<p>&nbsp;<\/p>\n<p><a href=\"http:\/\/www.m3.com.tr\/eng\/body-logo\/\"><img decoding=\"async\" class=\"lazyload size-full wp-image-1474 alignleft\" src=\"data:image\/svg+xml,%3Csvg%20xmlns%3D%27http%3A%2F%2Fwww.w3.org%2F2000%2Fsvg%27%20width%3D%2775%27%20height%3D%2775%27%20viewBox%3D%270%200%2075%2075%27%3E%3Crect%20width%3D%2775%27%20height%3D%2775%27%20fill-opacity%3D%220%22%2F%3E%3C%2Fsvg%3E\" data-orig-src=\"http:\/\/www.m3.com.tr\/wp-content\/uploads\/2018\/08\/body-1.jpg\" alt=\"\" width=\"75\" height=\"75\" \/><\/a><b>Body Logo<\/b><br \/>\n<a href=\"http:\/\/www.m3.com.tr\/eng\/body-logo\/\">Click for more information &gt;<\/a><\/p>\n<p>&nbsp;<\/p>\n<p><a href=\"http:\/\/www.m3.com.tr\/eng\/star-team-saber-blade-school\/\"><img decoding=\"async\" class=\"lazyload size-full wp-image-1474 alignleft\" src=\"data:image\/svg+xml,%3Csvg%20xmlns%3D%27http%3A%2F%2Fwww.w3.org%2F2000%2Fsvg%27%20width%3D%2775%27%20height%3D%2775%27%20viewBox%3D%270%200%2075%2075%27%3E%3Crect%20width%3D%2775%27%20height%3D%2775%27%20fill-opacity%3D%220%22%2F%3E%3C%2Fsvg%3E\" data-orig-src=\"http:\/\/www.m3.com.tr\/wp-content\/uploads\/2016\/06\/star.jpg\" alt=\"\" width=\"75\" height=\"75\" \/><\/a><b>STAR TEAM Saber Blade School<\/b><br \/>\n<a href=\"http:\/\/www.m3.com.tr\/eng\/star-team-saber-blade-school\/\">Click for more information &gt;<\/a><\/p>\n<p>&nbsp;<\/p>\n<p><a href=\"http:\/\/www.m3.com.tr\/eng\/bridges\/\"><img decoding=\"async\" class=\"lazyload size-full wp-image-1474 alignleft\" src=\"data:image\/svg+xml,%3Csvg%20xmlns%3D%27http%3A%2F%2Fwww.w3.org%2F2000%2Fsvg%27%20width%3D%2775%27%20height%3D%2775%27%20viewBox%3D%270%200%2075%2075%27%3E%3Crect%20width%3D%2775%27%20height%3D%2775%27%20fill-opacity%3D%220%22%2F%3E%3C%2Fsvg%3E\" data-orig-src=\"http:\/\/www.m3.com.tr\/wp-content\/uploads\/2013\/10\/bridgess.jpg\" alt=\"otoban\" width=\"75\" height=\"75\" \/><\/a><b>Bridges &amp; Pyramid<\/b><br \/>\n<a href=\"http:\/\/www.m3.com.tr\/eng\/bridges\/\">Click for more information &gt;<\/a><\/p>\n<p>&nbsp;<\/p>\n<p><a href=\"http:\/\/www.m3.com.tr\/eng\/marble-run\/\"><img decoding=\"async\" class=\"lazyload wp-image-2237 alignleft\" src=\"data:image\/svg+xml,%3Csvg%20xmlns%3D%27http%3A%2F%2Fwww.w3.org%2F2000%2Fsvg%27%20width%3D%2775%27%20height%3D%2775%27%20viewBox%3D%270%200%2075%2075%27%3E%3Crect%20width%3D%2775%27%20height%3D%2775%27%20fill-opacity%3D%220%22%2F%3E%3C%2Fsvg%3E\" data-orig-src=\"http:\/\/www.m3.com.tr\/wp-content\/uploads\/2015\/04\/marblerun.jpg\" alt=\"marble run\" width=\"75\" height=\"75\" \/><\/a> <strong>Marble Run<\/strong><br \/>\n<a href=\"http:\/\/www.m3.com.tr\/eng\/marble-run\/\">Click for more information &gt;<\/a><\/p>\n<p>&nbsp;<\/p>\n<p><a href=\"http:\/\/www.m3.com.tr\/eng\/highway\/\"><img decoding=\"async\" class=\"lazyload size-full wp-image-1474 alignleft\" src=\"data:image\/svg+xml,%3Csvg%20xmlns%3D%27http%3A%2F%2Fwww.w3.org%2F2000%2Fsvg%27%20width%3D%2775%27%20height%3D%2775%27%20viewBox%3D%270%200%2075%2075%27%3E%3Crect%20width%3D%2775%27%20height%3D%2775%27%20fill-opacity%3D%220%22%2F%3E%3C%2Fsvg%3E\" data-orig-src=\"http:\/\/www.m3.com.tr\/wp-content\/uploads\/2015\/04\/otoban.jpg\" alt=\"otoban\" width=\"75\" height=\"75\" \/><\/a><b>Highway<\/b><br \/>\n<a href=\"http:\/\/www.m3.com.tr\/eng\/highway\/\">Click for more information &gt;<\/a><\/p>\n<p>&nbsp;<\/p>\n<p><a href=\"http:\/\/www.m3.com.tr\/eng\/undefeated\/\"><img decoding=\"async\" class=\"lazyload size-full wp-image-1474 alignleft\" src=\"data:image\/svg+xml,%3Csvg%20xmlns%3D%27http%3A%2F%2Fwww.w3.org%2F2000%2Fsvg%27%20width%3D%2775%27%20height%3D%2775%27%20viewBox%3D%270%200%2075%2075%27%3E%3Crect%20width%3D%2775%27%20height%3D%2775%27%20fill-opacity%3D%220%22%2F%3E%3C%2Fsvg%3E\" data-orig-src=\"http:\/\/www.m3.com.tr\/wp-content\/uploads\/2016\/06\/ynlmynlr.jpg\" alt=\"otoban\" width=\"75\" height=\"75\" \/><\/a><b>Undefeated<\/b><br \/>\n<a href=\"http:\/\/www.m3.com.tr\/eng\/undefeated\/\">Click for more information &gt;<\/a><\/p>\n<p>&nbsp;<\/p>\n<p><a href=\"http:\/\/www.m3.com.tr\/eng\/simple-machines\"><img decoding=\"async\" class=\"lazyload size-full wp-image-1474 alignleft\" src=\"data:image\/svg+xml,%3Csvg%20xmlns%3D%27http%3A%2F%2Fwww.w3.org%2F2000%2Fsvg%27%20width%3D%2775%27%20height%3D%2775%27%20viewBox%3D%270%200%2075%2075%27%3E%3Crect%20width%3D%2775%27%20height%3D%2775%27%20fill-opacity%3D%220%22%2F%3E%3C%2Fsvg%3E\" data-orig-src=\"http:\/\/www.m3.com.tr\/eng\/wp-content\/uploads\/2013\/01\/machines.jpg\" alt=\"machines\" width=\"75\" height=\"75\" \/><\/a><b>Incredible Machines: Simple Machines<\/b><br \/>\n<a href=\"http:\/\/www.m3.com.tr\/eng\/simple-machines\/\">Click for more information &gt;<\/a><\/p>\n<p>&nbsp;<\/p>\n<p><a href=\"http:\/\/www.m3.com.tr\/eng\/drone-races\/\"><img decoding=\"async\" class=\"lazyload size-full wp-image-1473 alignleft\" src=\"data:image\/svg+xml,%3Csvg%20xmlns%3D%27http%3A%2F%2Fwww.w3.org%2F2000%2Fsvg%27%20width%3D%2775%27%20height%3D%2775%27%20viewBox%3D%270%200%2075%2075%27%3E%3Crect%20width%3D%2775%27%20height%3D%2775%27%20fill-opacity%3D%220%22%2F%3E%3C%2Fsvg%3E\" data-orig-src=\"http:\/\/www.m3.com.tr\/wp-content\/uploads\/2018\/08\/drone-1.jpg\" alt=\"\" width=\"75\" height=\"75\" \/><\/a><b>Drone Races<\/b><br \/>\n<a href=\"http:\/\/www.m3.com.tr\/eng\/drone-races\/\">Ayr\u0131nt\u0131l\u0131 bilgi i\u00e7in t\u0131klay\u0131n\u0131z &gt;<\/a><\/p>\n<p>&nbsp;<\/p>\n<p><a href=\"http:\/\/www.m3.com.tr\/eng\/sabotage\/\"><img decoding=\"async\" class=\"lazyload size-full wp-image-1473 alignleft\" src=\"data:image\/svg+xml,%3Csvg%20xmlns%3D%27http%3A%2F%2Fwww.w3.org%2F2000%2Fsvg%27%20width%3D%2775%27%20height%3D%2775%27%20viewBox%3D%270%200%2075%2075%27%3E%3Crect%20width%3D%2775%27%20height%3D%2775%27%20fill-opacity%3D%220%22%2F%3E%3C%2Fsvg%3E\" data-orig-src=\"http:\/\/www.m3.com.tr\/wp-content\/uploads\/2018\/08\/sabotaj.jpg\" alt=\"\" width=\"75\" height=\"75\" \/><\/a><b>Sabotage<\/b><br \/>\n<a href=\"http:\/\/www.m3.com.tr\/eng\/sabotage\/\">Ayr\u0131nt\u0131l\u0131 bilgi i\u00e7in t\u0131klay\u0131n\u0131z &gt;<\/a><\/p>\n","protected":false},"excerpt":{"rendered":"<p>Videostar Movie Workshop Click for more information &gt; &nbsp; Secret Mission: School of Heroes Click for more information &gt; &nbsp; The Man Who Saved the World Click for more information <a href=\"https:\/\/www.m3.com.tr\/eng\/indoor-outdoor\/\"> [&#8230;]<\/a><\/p>\n","protected":false},"author":2,"featured_media":0,"parent":0,"menu_order":0,"comment_status":"open","ping_status":"open","template":"","meta":{"footnotes":""},"class_list":["post-94","page","type-page","status-publish","hentry"],"aioseo_notices":[],"_links":{"self":[{"href":"https:\/\/www.m3.com.tr\/eng\/wp-json\/wp\/v2\/pages\/94","targetHints":{"allow":["GET"]}}],"collection":[{"href":"https:\/\/www.m3.com.tr\/eng\/wp-json\/wp\/v2\/pages"}],"about":[{"href":"https:\/\/www.m3.com.tr\/eng\/wp-json\/wp\/v2\/types\/page"}],"author":[{"embeddable":true,"href":"https:\/\/www.m3.com.tr\/eng\/wp-json\/wp\/v2\/users\/2"}],"replies":[{"embeddable":true,"href":"https:\/\/www.m3.com.tr\/eng\/wp-json\/wp\/v2\/comments?post=94"}],"version-history":[{"count":10,"href":"https:\/\/www.m3.com.tr\/eng\/wp-json\/wp\/v2\/pages\/94\/revisions"}],"predecessor-version":[{"id":2607,"href":"https:\/\/www.m3.com.tr\/eng\/wp-json\/wp\/v2\/pages\/94\/revisions\/2607"}],"wp:attachment":[{"href":"https:\/\/www.m3.com.tr\/eng\/wp-json\/wp\/v2\/media?parent=94"}],"curies":[{"name":"wp","href":"https:\/\/api.w.org\/{rel}","templated":true}]}}