{"id":671,"date":"2013-02-12T16:12:06","date_gmt":"2013-02-12T14:12:06","guid":{"rendered":"http:\/\/www.m3.com.tr\/eng\/?page_id=671"},"modified":"2025-09-03T12:37:48","modified_gmt":"2025-09-03T12:37:48","slug":"photo-rally","status":"publish","type":"page","link":"https:\/\/www.m3.com.tr\/eng\/photo-rally\/","title":{"rendered":"Photo Rally"},"content":{"rendered":"<p><a href=\"http:\/\/www.m3.com.tr\/eng\/wp-content\/uploads\/2015\/04\/photorally.jpg\"><img decoding=\"async\" class=\"lazyload size-full wp-image-1612 alignleft\" src=\"data:image\/svg+xml,%3Csvg%20xmlns%3D%27http%3A%2F%2Fwww.w3.org%2F2000%2Fsvg%27%20width%3D%27200%27%20height%3D%27500%27%20viewBox%3D%270%200%20200%20500%27%3E%3Crect%20width%3D%27200%27%20height%3D%27500%27%20fill-opacity%3D%220%22%2F%3E%3C%2Fsvg%3E\" data-orig-src=\"http:\/\/www.m3.com.tr\/eng\/wp-content\/uploads\/2015\/04\/photorally.jpg\" alt=\"\" width=\"200\" height=\"500\" \/><\/a>A photographic adventure through the best places of Old Istanbul! You\u2019ll recreate the legend with your cameras.<\/p>\n<p>Your group will be separated to teams and they will be given pre-taken card postal like pictures and will be asked to take the pictures again with their own way. With their guides, maps, compass and hole kit will lead them to travel all around the Old City.<\/p>\n<p>The best pictures chosen by the jury and will be awarded. All pictures will be printed to be shown and presented as a gift to our guests.<\/p>\n<p>Guides, maps, compasses and all team equipment will help them to visit all of old \u0130stanbul.<\/p>\n<p><strong>Participants:<\/strong> 20 &#8211; 500<br \/>\n<strong>Time:<\/strong> 60 &#8211; 180 minutes<br \/>\n<strong>Gains:<\/strong> Teamwork, Cummunication, Motivation, High Energy<\/p>\n<p>* Can be played in historic places like Sultanahmet, Kapal\u0131 \u00c7ar\u015f\u0131, Topkap\u0131 Palace or indoors with an exploration of the place in advance.<\/p>\n<p><iframe src=\"\/\/www.dailymotion.com\/embed\/video\/x38dufq\" width=\"480\" height=\"270\" frameborder=\"0\" allowfullscreen=\"allowfullscreen\"><\/iframe><\/p>\n<p><a href=\"http:\/\/www.m3.com.tr\/eng\/wp-content\/uploads\/2025\/09\/photorally-1.png\"><img decoding=\"async\" class=\"lazyload size-medium wp-image-4149 alignleft\" src=\"http:\/\/www.m3.com.tr\/eng\/wp-content\/uploads\/2025\/09\/photorally-1-300x225.png\" data-orig-src=\"http:\/\/www.m3.com.tr\/eng\/wp-content\/uploads\/2025\/09\/photorally-1-300x225.png\" alt=\"\" width=\"300\" height=\"225\" srcset=\"data:image\/svg+xml,%3Csvg%20xmlns%3D%27http%3A%2F%2Fwww.w3.org%2F2000%2Fsvg%27%20width%3D%27300%27%20height%3D%27225%27%20viewBox%3D%270%200%20300%20225%27%3E%3Crect%20width%3D%27300%27%20height%3D%27225%27%20fill-opacity%3D%220%22%2F%3E%3C%2Fsvg%3E\" data-srcset=\"https:\/\/www.m3.com.tr\/eng\/wp-content\/uploads\/2025\/09\/photorally-1-150x113.png 150w, https:\/\/www.m3.com.tr\/eng\/wp-content\/uploads\/2025\/09\/photorally-1-300x225.png 300w, https:\/\/www.m3.com.tr\/eng\/wp-content\/uploads\/2025\/09\/photorally-1-400x300.png 400w, https:\/\/www.m3.com.tr\/eng\/wp-content\/uploads\/2025\/09\/photorally-1-600x450.png 600w, https:\/\/www.m3.com.tr\/eng\/wp-content\/uploads\/2025\/09\/photorally-1-768x576.png 768w, https:\/\/www.m3.com.tr\/eng\/wp-content\/uploads\/2025\/09\/photorally-1-800x600.png 800w, https:\/\/www.m3.com.tr\/eng\/wp-content\/uploads\/2025\/09\/photorally-1-1024x768.png 1024w, https:\/\/www.m3.com.tr\/eng\/wp-content\/uploads\/2025\/09\/photorally-1-1536x1152.png 1536w, https:\/\/www.m3.com.tr\/eng\/wp-content\/uploads\/2025\/09\/photorally-1.png 1600w\" data-sizes=\"auto\" data-orig-sizes=\"(max-width: 300px) 100vw, 300px\" \/><\/a><a href=\"http:\/\/www.m3.com.tr\/eng\/wp-content\/uploads\/2025\/09\/photorally-4.png\"><img decoding=\"async\" class=\"lazyload size-medium wp-image-4148 alignleft\" src=\"http:\/\/www.m3.com.tr\/eng\/wp-content\/uploads\/2025\/09\/photorally-4-300x225.png\" data-orig-src=\"http:\/\/www.m3.com.tr\/eng\/wp-content\/uploads\/2025\/09\/photorally-4-300x225.png\" alt=\"\" width=\"300\" height=\"225\" srcset=\"data:image\/svg+xml,%3Csvg%20xmlns%3D%27http%3A%2F%2Fwww.w3.org%2F2000%2Fsvg%27%20width%3D%27300%27%20height%3D%27225%27%20viewBox%3D%270%200%20300%20225%27%3E%3Crect%20width%3D%27300%27%20height%3D%27225%27%20fill-opacity%3D%220%22%2F%3E%3C%2Fsvg%3E\" data-srcset=\"https:\/\/www.m3.com.tr\/eng\/wp-content\/uploads\/2025\/09\/photorally-4-150x113.png 150w, https:\/\/www.m3.com.tr\/eng\/wp-content\/uploads\/2025\/09\/photorally-4-300x225.png 300w, https:\/\/www.m3.com.tr\/eng\/wp-content\/uploads\/2025\/09\/photorally-4-400x300.png 400w, https:\/\/www.m3.com.tr\/eng\/wp-content\/uploads\/2025\/09\/photorally-4-600x450.png 600w, https:\/\/www.m3.com.tr\/eng\/wp-content\/uploads\/2025\/09\/photorally-4-768x576.png 768w, https:\/\/www.m3.com.tr\/eng\/wp-content\/uploads\/2025\/09\/photorally-4-800x600.png 800w, https:\/\/www.m3.com.tr\/eng\/wp-content\/uploads\/2025\/09\/photorally-4-1024x768.png 1024w, https:\/\/www.m3.com.tr\/eng\/wp-content\/uploads\/2025\/09\/photorally-4-1536x1152.png 1536w, https:\/\/www.m3.com.tr\/eng\/wp-content\/uploads\/2025\/09\/photorally-4.png 1600w\" data-sizes=\"auto\" data-orig-sizes=\"(max-width: 300px) 100vw, 300px\" \/><\/a> <a href=\"http:\/\/www.m3.com.tr\/eng\/wp-content\/uploads\/2025\/09\/photorally-3.png\"><img decoding=\"async\" class=\"lazyload size-medium wp-image-4147 alignleft\" src=\"http:\/\/www.m3.com.tr\/eng\/wp-content\/uploads\/2025\/09\/photorally-3-300x225.png\" data-orig-src=\"http:\/\/www.m3.com.tr\/eng\/wp-content\/uploads\/2025\/09\/photorally-3-300x225.png\" alt=\"\" width=\"300\" height=\"225\" srcset=\"data:image\/svg+xml,%3Csvg%20xmlns%3D%27http%3A%2F%2Fwww.w3.org%2F2000%2Fsvg%27%20width%3D%27300%27%20height%3D%27225%27%20viewBox%3D%270%200%20300%20225%27%3E%3Crect%20width%3D%27300%27%20height%3D%27225%27%20fill-opacity%3D%220%22%2F%3E%3C%2Fsvg%3E\" data-srcset=\"https:\/\/www.m3.com.tr\/eng\/wp-content\/uploads\/2025\/09\/photorally-3-150x113.png 150w, https:\/\/www.m3.com.tr\/eng\/wp-content\/uploads\/2025\/09\/photorally-3-300x225.png 300w, https:\/\/www.m3.com.tr\/eng\/wp-content\/uploads\/2025\/09\/photorally-3-400x300.png 400w, https:\/\/www.m3.com.tr\/eng\/wp-content\/uploads\/2025\/09\/photorally-3-600x450.png 600w, https:\/\/www.m3.com.tr\/eng\/wp-content\/uploads\/2025\/09\/photorally-3-768x576.png 768w, https:\/\/www.m3.com.tr\/eng\/wp-content\/uploads\/2025\/09\/photorally-3-800x600.png 800w, https:\/\/www.m3.com.tr\/eng\/wp-content\/uploads\/2025\/09\/photorally-3-1024x768.png 1024w, https:\/\/www.m3.com.tr\/eng\/wp-content\/uploads\/2025\/09\/photorally-3-1536x1152.png 1536w, https:\/\/www.m3.com.tr\/eng\/wp-content\/uploads\/2025\/09\/photorally-3.png 1600w\" data-sizes=\"auto\" data-orig-sizes=\"(max-width: 300px) 100vw, 300px\" \/><\/a>\u00a0 <a href=\"http:\/\/www.m3.com.tr\/eng\/wp-content\/uploads\/2025\/09\/photorally-2.png\"><img decoding=\"async\" class=\"lazyload size-medium wp-image-4146 alignleft\" src=\"http:\/\/www.m3.com.tr\/eng\/wp-content\/uploads\/2025\/09\/photorally-2-300x225.png\" data-orig-src=\"http:\/\/www.m3.com.tr\/eng\/wp-content\/uploads\/2025\/09\/photorally-2-300x225.png\" alt=\"\" width=\"300\" height=\"225\" srcset=\"data:image\/svg+xml,%3Csvg%20xmlns%3D%27http%3A%2F%2Fwww.w3.org%2F2000%2Fsvg%27%20width%3D%27300%27%20height%3D%27225%27%20viewBox%3D%270%200%20300%20225%27%3E%3Crect%20width%3D%27300%27%20height%3D%27225%27%20fill-opacity%3D%220%22%2F%3E%3C%2Fsvg%3E\" data-srcset=\"https:\/\/www.m3.com.tr\/eng\/wp-content\/uploads\/2025\/09\/photorally-2-150x113.png 150w, https:\/\/www.m3.com.tr\/eng\/wp-content\/uploads\/2025\/09\/photorally-2-300x225.png 300w, https:\/\/www.m3.com.tr\/eng\/wp-content\/uploads\/2025\/09\/photorally-2-400x300.png 400w, https:\/\/www.m3.com.tr\/eng\/wp-content\/uploads\/2025\/09\/photorally-2-600x450.png 600w, https:\/\/www.m3.com.tr\/eng\/wp-content\/uploads\/2025\/09\/photorally-2-768x576.png 768w, https:\/\/www.m3.com.tr\/eng\/wp-content\/uploads\/2025\/09\/photorally-2-800x600.png 800w, https:\/\/www.m3.com.tr\/eng\/wp-content\/uploads\/2025\/09\/photorally-2-1024x768.png 1024w, https:\/\/www.m3.com.tr\/eng\/wp-content\/uploads\/2025\/09\/photorally-2-1536x1152.png 1536w, https:\/\/www.m3.com.tr\/eng\/wp-content\/uploads\/2025\/09\/photorally-2.png 1600w\" data-sizes=\"auto\" data-orig-sizes=\"(max-width: 300px) 100vw, 300px\" \/><\/a><\/p>\n<p>&nbsp;<\/p>\n<p>&nbsp;<\/p>\n<p>&nbsp;<\/p>\n<p>&nbsp;<\/p>\n<p>&nbsp;<\/p>\n<p>&nbsp;<\/p>\n<p>&nbsp;<\/p>\n<p>&nbsp;<\/p>\n<p>&nbsp;<\/p>\n<p>&nbsp;<\/p>\n<p><strong>Reference Works<\/strong><\/p>\n<p><strong>Novo Nordisk<\/strong><\/p>\n<p><a href=\"http:\/\/www.m3.com.tr\/eng\/wp-content\/uploads\/2013\/02\/novo-photo-280-150.jpg\"><img decoding=\"async\" class=\"lazyload alignnone size-full wp-image-2066\" src=\"data:image\/svg+xml,%3Csvg%20xmlns%3D%27http%3A%2F%2Fwww.w3.org%2F2000%2Fsvg%27%20width%3D%27280%27%20height%3D%27150%27%20viewBox%3D%270%200%20280%20150%27%3E%3Crect%20width%3D%27280%27%20height%3D%27150%27%20fill-opacity%3D%220%22%2F%3E%3C%2Fsvg%3E\" data-orig-src=\"http:\/\/www.m3.com.tr\/eng\/wp-content\/uploads\/2013\/02\/novo-photo-280-150.jpg\" alt=\"novo-photo-280-150\" width=\"280\" height=\"150\" \/><\/a><\/p>\n<p>For more information: <a href=\"http:\/\/www.m3.com.tr\/novo-nordisk-photo-rally\/\">http:\/\/www.m3.com.tr\/novo-nordisk-photo-rally\/<\/a><\/p>\n<p><iframe src=\"http:\/\/player.vimeo.com\/video\/59241888\" width=\"400\" height=\"300\" frameborder=\"0\" allowfullscreen=\"allowfullscreen\"><\/iframe><\/p>\n","protected":false},"excerpt":{"rendered":"<p>A photographic adventure through the best places of Old Istanbul! You\u2019ll recreate the legend with your cameras. Your group will be separated to teams and they will be given pre-taken <a href=\"https:\/\/www.m3.com.tr\/eng\/photo-rally\/\"> [&#8230;]<\/a><\/p>\n","protected":false},"author":2,"featured_media":0,"parent":0,"menu_order":0,"comment_status":"open","ping_status":"open","template":"","meta":{"footnotes":""},"class_list":["post-671","page","type-page","status-publish","hentry"],"aioseo_notices":[],"_links":{"self":[{"href":"https:\/\/www.m3.com.tr\/eng\/wp-json\/wp\/v2\/pages\/671","targetHints":{"allow":["GET"]}}],"collection":[{"href":"https:\/\/www.m3.com.tr\/eng\/wp-json\/wp\/v2\/pages"}],"about":[{"href":"https:\/\/www.m3.com.tr\/eng\/wp-json\/wp\/v2\/types\/page"}],"author":[{"embeddable":true,"href":"https:\/\/www.m3.com.tr\/eng\/wp-json\/wp\/v2\/users\/2"}],"replies":[{"embeddable":true,"href":"https:\/\/www.m3.com.tr\/eng\/wp-json\/wp\/v2\/comments?post=671"}],"version-history":[{"count":7,"href":"https:\/\/www.m3.com.tr\/eng\/wp-json\/wp\/v2\/pages\/671\/revisions"}],"predecessor-version":[{"id":4157,"href":"https:\/\/www.m3.com.tr\/eng\/wp-json\/wp\/v2\/pages\/671\/revisions\/4157"}],"wp:attachment":[{"href":"https:\/\/www.m3.com.tr\/eng\/wp-json\/wp\/v2\/media?parent=671"}],"curies":[{"name":"wp","href":"https:\/\/api.w.org\/{rel}","templated":true}]}}