{"id":29,"date":"2013-01-21T14:34:03","date_gmt":"2013-01-21T12:34:03","guid":{"rendered":"http:\/\/www.m3.com.tr\/eng\/?page_id=29"},"modified":"2019-02-04T01:45:49","modified_gmt":"2019-02-04T01:45:49","slug":"rhythm-music","status":"publish","type":"page","link":"https:\/\/www.m3.com.tr\/eng\/rhythm-music\/","title":{"rendered":"Rhythm &#038; Music"},"content":{"rendered":"<p><a href=\"http:\/\/www.m3.com.tr\/eng\/rhythm-motivation-workshops\"><img decoding=\"async\" class=\"lazyload wp-image-2237 alignleft\" src=\"data:image\/svg+xml,%3Csvg%20xmlns%3D%27http%3A%2F%2Fwww.w3.org%2F2000%2Fsvg%27%20width%3D%2775%27%20height%3D%2775%27%20viewBox%3D%270%200%2075%2075%27%3E%3Crect%20width%3D%2775%27%20height%3D%2775%27%20fill-opacity%3D%220%22%2F%3E%3C%2Fsvg%3E\" data-orig-src=\"http:\/\/www.m3.com.tr\/wp-content\/uploads\/2015\/04\/ritm.jpg\" alt=\"ritm\" width=\"75\" height=\"75\" \/><\/a> <strong>Ritmbox Rhythm Workshop<\/strong><br \/>\n<a href=\"http:\/\/www.m3.com.tr\/eng\/rhythm-motivation-workshops\">Click for more information &gt;<\/a><\/p>\n<p>&nbsp;<\/p>\n<p><a href=\"http:\/\/www.m3.com.tr\/eng\/rhythm-performance-workshops\"><img decoding=\"async\" class=\"lazyload size-full wp-image-1474 alignleft\" src=\"data:image\/svg+xml,%3Csvg%20xmlns%3D%27http%3A%2F%2Fwww.w3.org%2F2000%2Fsvg%27%20width%3D%2775%27%20height%3D%2775%27%20viewBox%3D%270%200%2075%2075%27%3E%3Crect%20width%3D%2775%27%20height%3D%2775%27%20fill-opacity%3D%220%22%2F%3E%3C%2Fsvg%3E\" data-orig-src=\"http:\/\/www.m3.com.tr\/wp-content\/uploads\/2015\/04\/ritmperformans.jpg\" alt=\"ritm performans\" width=\"75\" height=\"75\" \/><\/a><b>Rhythm Performance Workshops<\/b><br \/>\n<a href=\"http:\/\/www.m3.com.tr\/eng\/rhythm-performance-workshops\">Click for more information &gt;<\/a><\/p>\n<p>&nbsp;<\/p>\n<p><a href=\"http:\/\/www.m3.com.tr\/eng\/rhythms-of-street\"><img decoding=\"async\" class=\"lazyload size-full wp-image-1473 alignleft\" src=\"data:image\/svg+xml,%3Csvg%20xmlns%3D%27http%3A%2F%2Fwww.w3.org%2F2000%2Fsvg%27%20width%3D%2775%27%20height%3D%2775%27%20viewBox%3D%270%200%2075%2075%27%3E%3Crect%20width%3D%2775%27%20height%3D%2775%27%20fill-opacity%3D%220%22%2F%3E%3C%2Fsvg%3E\" data-orig-src=\"http:\/\/www.m3.com.tr\/wp-content\/uploads\/2015\/04\/sokagin.jpg\" alt=\"sokagin ritmleri\" width=\"75\" height=\"75\" \/><\/a><b>Varillaz Rhythms of the Streets<\/b><br \/>\n<a href=\"http:\/\/www.m3.com.tr\/eng\/rhythms-of-street\">Click for more information &gt;<\/a><\/p>\n<p>&nbsp;<\/p>\n<p><a href=\"http:\/\/www.m3.com.tr\/eng\/body-percussion\"><img decoding=\"async\" class=\"lazyload size-full wp-image-1473 alignleft\" src=\"data:image\/svg+xml,%3Csvg%20xmlns%3D%27http%3A%2F%2Fwww.w3.org%2F2000%2Fsvg%27%20width%3D%2775%27%20height%3D%2775%27%20viewBox%3D%270%200%2075%2075%27%3E%3Crect%20width%3D%2775%27%20height%3D%2775%27%20fill-opacity%3D%220%22%2F%3E%3C%2Fsvg%3E\" data-orig-src=\"http:\/\/www.m3.com.tr\/wp-content\/uploads\/2015\/04\/body.jpg\" alt=\"body\" width=\"75\" height=\"75\" \/><\/a><b>Body Percussion<\/b><br \/>\n<a href=\"http:\/\/www.m3.com.tr\/eng\/body-percussion\">Click for more information &gt;<\/a><\/p>\n<p>&nbsp;<\/p>\n<p><b><a href=\"http:\/\/www.m3.com.tr\/eng\/musical-pipes\"><img decoding=\"async\" class=\"lazyload size-full wp-image-1481 alignleft\" src=\"data:image\/svg+xml,%3Csvg%20xmlns%3D%27http%3A%2F%2Fwww.w3.org%2F2000%2Fsvg%27%20width%3D%2775%27%20height%3D%2775%27%20viewBox%3D%270%200%2075%2075%27%3E%3Crect%20width%3D%2775%27%20height%3D%2775%27%20fill-opacity%3D%220%22%2F%3E%3C%2Fsvg%3E\" data-orig-src=\"http:\/\/www.m3.com.tr\/wp-content\/uploads\/2015\/04\/muzikal.jpg\" alt=\"muzikal\" width=\"75\" height=\"75\" \/><\/a>Musical Pipes<\/b><br \/>\n<a href=\"http:\/\/www.m3.com.tr\/eng\/musical-pipes\">Click for more information &gt;<\/a><\/p>\n<p>&nbsp;<\/p>\n<p><b><a href=\"http:\/\/www.m3.com.tr\/rhythm-in-the-dark-communication-without-hearing\/\"><img decoding=\"async\" class=\"lazyload size-full wp-image-1481 alignleft\" src=\"data:image\/svg+xml,%3Csvg%20xmlns%3D%27http%3A%2F%2Fwww.w3.org%2F2000%2Fsvg%27%20width%3D%2775%27%20height%3D%2775%27%20viewBox%3D%270%200%2075%2075%27%3E%3Crect%20width%3D%2775%27%20height%3D%2775%27%20fill-opacity%3D%220%22%2F%3E%3C%2Fsvg%3E\" data-orig-src=\"http:\/\/www.m3.com.tr\/wp-content\/uploads\/2016\/06\/karanlik.jpg\" alt=\"karanlik\" width=\"75\" height=\"75\" \/><\/a>Rhythm in the Dark &amp; Communication Without Hearing<\/b><br \/>\n<a href=\"http:\/\/www.m3.com.tr\/rhythm-in-the-dark-communication-without-hearing\/\">Ayr\u0131nt\u0131l\u0131 bilgi i\u00e7in t\u0131klay\u0131n\u0131z &gt;<\/a><\/p>\n<p>&nbsp;<\/p>\n<p><a href=\"http:\/\/www.m3.com.tr\/eng\/company-chorus\/\"><img decoding=\"async\" class=\"lazyload wp-image-2237 alignleft\" src=\"data:image\/svg+xml,%3Csvg%20xmlns%3D%27http%3A%2F%2Fwww.w3.org%2F2000%2Fsvg%27%20width%3D%2775%27%20height%3D%2775%27%20viewBox%3D%270%200%2075%2075%27%3E%3Crect%20width%3D%2775%27%20height%3D%2775%27%20fill-opacity%3D%220%22%2F%3E%3C%2Fsvg%3E\" data-orig-src=\"http:\/\/www.m3.com.tr\/wp-content\/uploads\/2015\/04\/sirketkorosu.jpg\" alt=\"sirket korosu\" width=\"75\" height=\"75\" \/><\/a> <strong>Company Chorus<\/strong><br \/>\n<a href=\"http:\/\/www.m3.com.tr\/eng\/company-chorus\/\">Ayr\u0131nt\u0131l\u0131 bilgi i\u00e7in t\u0131klay\u0131n\u0131z &gt;<\/a><\/p>\n<p>&nbsp;<\/p>\n<p><a href=\"http:\/\/www.m3.com.tr\/eng\/dance-workshop\/\"><img decoding=\"async\" class=\"lazyload size-full wp-image-1474 alignleft\" src=\"data:image\/svg+xml,%3Csvg%20xmlns%3D%27http%3A%2F%2Fwww.w3.org%2F2000%2Fsvg%27%20width%3D%2775%27%20height%3D%2775%27%20viewBox%3D%270%200%2075%2075%27%3E%3Crect%20width%3D%2775%27%20height%3D%2775%27%20fill-opacity%3D%220%22%2F%3E%3C%2Fsvg%3E\" data-orig-src=\"http:\/\/www.m3.com.tr\/wp-content\/uploads\/2015\/04\/dansatolyesi.jpg\" alt=\"dans atolyesi\" width=\"75\" height=\"75\" \/><\/a><b>Dance Workshop<\/b><br \/>\n<a href=\"http:\/\/www.m3.com.tr\/eng\/dance-workshop\/\">Ayr\u0131nt\u0131l\u0131 bilgi i\u00e7in t\u0131klay\u0131n\u0131z &gt;<\/a><\/p>\n","protected":false},"excerpt":{"rendered":"<p>Ritmbox Rhythm Workshop Click for more information &gt; &nbsp; Rhythm Performance Workshops Click for more information &gt; &nbsp; Varillaz Rhythms of the Streets Click for more information &gt; &nbsp; Body <a href=\"https:\/\/www.m3.com.tr\/eng\/rhythm-music\/\"> [&#8230;]<\/a><\/p>\n","protected":false},"author":2,"featured_media":0,"parent":0,"menu_order":0,"comment_status":"open","ping_status":"open","template":"","meta":{"footnotes":""},"class_list":["post-29","page","type-page","status-publish","hentry"],"aioseo_notices":[],"_links":{"self":[{"href":"https:\/\/www.m3.com.tr\/eng\/wp-json\/wp\/v2\/pages\/29","targetHints":{"allow":["GET"]}}],"collection":[{"href":"https:\/\/www.m3.com.tr\/eng\/wp-json\/wp\/v2\/pages"}],"about":[{"href":"https:\/\/www.m3.com.tr\/eng\/wp-json\/wp\/v2\/types\/page"}],"author":[{"embeddable":true,"href":"https:\/\/www.m3.com.tr\/eng\/wp-json\/wp\/v2\/users\/2"}],"replies":[{"embeddable":true,"href":"https:\/\/www.m3.com.tr\/eng\/wp-json\/wp\/v2\/comments?post=29"}],"version-history":[{"count":7,"href":"https:\/\/www.m3.com.tr\/eng\/wp-json\/wp\/v2\/pages\/29\/revisions"}],"predecessor-version":[{"id":2743,"href":"https:\/\/www.m3.com.tr\/eng\/wp-json\/wp\/v2\/pages\/29\/revisions\/2743"}],"wp:attachment":[{"href":"https:\/\/www.m3.com.tr\/eng\/wp-json\/wp\/v2\/media?parent=29"}],"curies":[{"name":"wp","href":"https:\/\/api.w.org\/{rel}","templated":true}]}}