{"id":199,"date":"2013-01-22T16:29:19","date_gmt":"2013-01-22T14:29:19","guid":{"rendered":"http:\/\/www.m3.com.tr\/eng\/?page_id=199"},"modified":"2025-09-17T15:04:18","modified_gmt":"2025-09-17T15:04:18","slug":"treasure-hunt","status":"publish","type":"page","link":"https:\/\/www.m3.com.tr\/eng\/treasure-hunt\/","title":{"rendered":"Treasure Hunt"},"content":{"rendered":"<p>&nbsp;<\/p>\n<p>&nbsp;<\/p>\n<p><div class=\"fusion-fullwidth fullwidth-box fusion-builder-row-1 nonhundred-percent-fullwidth non-hundred-percent-height-scrolling\" style=\"--awb-border-radius-top-left:0px;--awb-border-radius-top-right:0px;--awb-border-radius-bottom-right:0px;--awb-border-radius-bottom-left:0px;--awb-flex-wrap:wrap;\" ><\/div><div class=\"fusion-builder-row fusion-row\"><\/div><div class=\"fusion-layout-column fusion_builder_column fusion-builder-column-0 fusion_builder_column_1_1 1_1 fusion-one-full fusion-column-first fusion-column-last\" style=\"--awb-bg-size:cover;--awb-margin-top:0px;--awb-margin-bottom:0px;width:100%;\"><div class=\"fusion-column-wrapper fusion-flex-column-wrapper-legacy\"><div class=\"fusion-clearfix\"><\/div><\/div><\/div><div class=\"fusion-text fusion-text-1\"><\/div><\/p>\n<p><a href=\"http:\/\/www.m3.com.tr\/eng\/wp-content\/uploads\/2015\/03\/treasurehunt.jpg\"><img decoding=\"async\" class=\"lazyload size-full wp-image-1612 alignleft\" src=\"data:image\/svg+xml,%3Csvg%20xmlns%3D%27http%3A%2F%2Fwww.w3.org%2F2000%2Fsvg%27%20width%3D%27200%27%20height%3D%27500%27%20viewBox%3D%270%200%20200%20500%27%3E%3Crect%20width%3D%27200%27%20height%3D%27500%27%20fill-opacity%3D%220%22%2F%3E%3C%2Fsvg%3E\" data-orig-src=\"http:\/\/www.m3.com.tr\/eng\/wp-content\/uploads\/2015\/03\/treasurehunt.jpg\" alt=\"treasure hunt\" width=\"200\" height=\"500\" \/><\/a>Its adventure time<\/p>\n<p>The treasure hunt games we play with the tablets or other smart devices by uploaded missions and GPS track system , or the classical treasure hunt games that we play with maps and compasses take teams into a mysterious and magical adventure and a hard yet exciting journey.<\/p>\n<p>This great experience is played by directing the players to the adventure points with a series of questions to their final destinations with the help of iPad or maps and compasses if the classical version is played. \u00a0It enables the attendees to work together in a very out of the ordinary and inspiring way.<\/p>\n<p>We can either organize a classical treasure hunt with maps and compasses or we can use all the digital opportunities and enhanced realities that multimedia technologies offer.<\/p>\n<p>Your adventure which starts with a video with your general manager saying \u201cYour mission is, if you accept it\u2026\u201d is accompanied by texts, photographs maps and compasses in your smartphones. A great contribution to teamwork.<\/p>\n<p><strong>Participants:<\/strong> 20 &#8211; 500<br \/>\n<strong>Time:<\/strong> 60 \u2013 180 minutes<br \/>\n<strong>Gains:<\/strong> Teamwork, Communication, Motivation, High energy<\/p>\n<p>\u2022 Can be played in Sultanahmet, Grand Bazaar, Topkap\u0131 Palace or a prechecked place or inside a building.<\/p>\n<p>&nbsp;<\/p>\n<div class=\"video-shortcode\"><iframe title=\"Treasure Hunt - Tak\u0131m \u00c7al\u0131\u015fmas\u0131 #tak\u0131m\u00e7al\u0131\u015fmas\u0131 #game #restaurant #cocktail #teamwork #party #friend\" width=\"563\" height=\"1000\" src=\"https:\/\/www.youtube.com\/embed\/mSvJufwUXro?feature=oembed\" frameborder=\"0\" allow=\"accelerometer; autoplay; clipboard-write; encrypted-media; gyroscope; picture-in-picture; web-share\" referrerpolicy=\"strict-origin-when-cross-origin\" allowfullscreen><\/iframe><\/div>\n<p>&nbsp;<\/p>\n<p><a href=\"http:\/\/www.m3.com.tr\/eng\/wp-content\/uploads\/2025\/09\/lost-in-the-city-2.png\"><img decoding=\"async\" class=\"lazyload size-medium wp-image-4165 alignleft\" src=\"http:\/\/www.m3.com.tr\/eng\/wp-content\/uploads\/2025\/09\/lost-in-the-city-2-300x225.png\" data-orig-src=\"http:\/\/www.m3.com.tr\/eng\/wp-content\/uploads\/2025\/09\/lost-in-the-city-2-300x225.png\" alt=\"\" width=\"300\" height=\"225\" srcset=\"data:image\/svg+xml,%3Csvg%20xmlns%3D%27http%3A%2F%2Fwww.w3.org%2F2000%2Fsvg%27%20width%3D%27300%27%20height%3D%27225%27%20viewBox%3D%270%200%20300%20225%27%3E%3Crect%20width%3D%27300%27%20height%3D%27225%27%20fill-opacity%3D%220%22%2F%3E%3C%2Fsvg%3E\" data-srcset=\"https:\/\/www.m3.com.tr\/eng\/wp-content\/uploads\/2025\/09\/lost-in-the-city-2-150x113.png 150w, https:\/\/www.m3.com.tr\/eng\/wp-content\/uploads\/2025\/09\/lost-in-the-city-2-300x225.png 300w, https:\/\/www.m3.com.tr\/eng\/wp-content\/uploads\/2025\/09\/lost-in-the-city-2-400x300.png 400w, https:\/\/www.m3.com.tr\/eng\/wp-content\/uploads\/2025\/09\/lost-in-the-city-2-600x450.png 600w, https:\/\/www.m3.com.tr\/eng\/wp-content\/uploads\/2025\/09\/lost-in-the-city-2-768x576.png 768w, https:\/\/www.m3.com.tr\/eng\/wp-content\/uploads\/2025\/09\/lost-in-the-city-2-800x600.png 800w, https:\/\/www.m3.com.tr\/eng\/wp-content\/uploads\/2025\/09\/lost-in-the-city-2-1024x768.png 1024w, https:\/\/www.m3.com.tr\/eng\/wp-content\/uploads\/2025\/09\/lost-in-the-city-2-1536x1152.png 1536w, https:\/\/www.m3.com.tr\/eng\/wp-content\/uploads\/2025\/09\/lost-in-the-city-2.png 1600w\" data-sizes=\"auto\" data-orig-sizes=\"(max-width: 300px) 100vw, 300px\" \/><\/a><\/p>\n<p><a href=\"http:\/\/www.m3.com.tr\/eng\/wp-content\/uploads\/2025\/09\/4-1.png\"><img decoding=\"async\" class=\"lazyload size-medium wp-image-4163 alignleft\" src=\"http:\/\/www.m3.com.tr\/eng\/wp-content\/uploads\/2025\/09\/4-1-300x225.png\" data-orig-src=\"http:\/\/www.m3.com.tr\/eng\/wp-content\/uploads\/2025\/09\/4-1-300x225.png\" alt=\"\" width=\"300\" height=\"225\" srcset=\"data:image\/svg+xml,%3Csvg%20xmlns%3D%27http%3A%2F%2Fwww.w3.org%2F2000%2Fsvg%27%20width%3D%27300%27%20height%3D%27225%27%20viewBox%3D%270%200%20300%20225%27%3E%3Crect%20width%3D%27300%27%20height%3D%27225%27%20fill-opacity%3D%220%22%2F%3E%3C%2Fsvg%3E\" data-srcset=\"https:\/\/www.m3.com.tr\/eng\/wp-content\/uploads\/2025\/09\/4-1-150x113.png 150w, https:\/\/www.m3.com.tr\/eng\/wp-content\/uploads\/2025\/09\/4-1-300x225.png 300w, https:\/\/www.m3.com.tr\/eng\/wp-content\/uploads\/2025\/09\/4-1-400x300.png 400w, https:\/\/www.m3.com.tr\/eng\/wp-content\/uploads\/2025\/09\/4-1-600x450.png 600w, https:\/\/www.m3.com.tr\/eng\/wp-content\/uploads\/2025\/09\/4-1-768x576.png 768w, https:\/\/www.m3.com.tr\/eng\/wp-content\/uploads\/2025\/09\/4-1-800x600.png 800w, https:\/\/www.m3.com.tr\/eng\/wp-content\/uploads\/2025\/09\/4-1-1024x768.png 1024w, https:\/\/www.m3.com.tr\/eng\/wp-content\/uploads\/2025\/09\/4-1-1536x1152.png 1536w, https:\/\/www.m3.com.tr\/eng\/wp-content\/uploads\/2025\/09\/4-1.png 1600w\" data-sizes=\"auto\" data-orig-sizes=\"(max-width: 300px) 100vw, 300px\" \/><\/a><a href=\"http:\/\/www.m3.com.tr\/eng\/wp-content\/uploads\/2025\/09\/photorally-4.png\"><img decoding=\"async\" class=\"lazyload size-medium wp-image-4148 alignleft\" src=\"http:\/\/www.m3.com.tr\/eng\/wp-content\/uploads\/2025\/09\/photorally-4-300x225.png\" data-orig-src=\"http:\/\/www.m3.com.tr\/eng\/wp-content\/uploads\/2025\/09\/photorally-4-300x225.png\" alt=\"\" width=\"300\" height=\"225\" srcset=\"data:image\/svg+xml,%3Csvg%20xmlns%3D%27http%3A%2F%2Fwww.w3.org%2F2000%2Fsvg%27%20width%3D%27300%27%20height%3D%27225%27%20viewBox%3D%270%200%20300%20225%27%3E%3Crect%20width%3D%27300%27%20height%3D%27225%27%20fill-opacity%3D%220%22%2F%3E%3C%2Fsvg%3E\" data-srcset=\"https:\/\/www.m3.com.tr\/eng\/wp-content\/uploads\/2025\/09\/photorally-4-150x113.png 150w, https:\/\/www.m3.com.tr\/eng\/wp-content\/uploads\/2025\/09\/photorally-4-300x225.png 300w, https:\/\/www.m3.com.tr\/eng\/wp-content\/uploads\/2025\/09\/photorally-4-400x300.png 400w, https:\/\/www.m3.com.tr\/eng\/wp-content\/uploads\/2025\/09\/photorally-4-600x450.png 600w, https:\/\/www.m3.com.tr\/eng\/wp-content\/uploads\/2025\/09\/photorally-4-768x576.png 768w, https:\/\/www.m3.com.tr\/eng\/wp-content\/uploads\/2025\/09\/photorally-4-800x600.png 800w, https:\/\/www.m3.com.tr\/eng\/wp-content\/uploads\/2025\/09\/photorally-4-1024x768.png 1024w, https:\/\/www.m3.com.tr\/eng\/wp-content\/uploads\/2025\/09\/photorally-4-1536x1152.png 1536w, https:\/\/www.m3.com.tr\/eng\/wp-content\/uploads\/2025\/09\/photorally-4.png 1600w\" data-sizes=\"auto\" data-orig-sizes=\"(max-width: 300px) 100vw, 300px\" \/><\/a><a href=\"http:\/\/www.m3.com.tr\/eng\/wp-content\/uploads\/2025\/09\/lost-in-the-city-3.png\"><img decoding=\"async\" class=\"lazyload size-medium wp-image-4166 alignleft\" src=\"http:\/\/www.m3.com.tr\/eng\/wp-content\/uploads\/2025\/09\/lost-in-the-city-3-300x225.png\" data-orig-src=\"http:\/\/www.m3.com.tr\/eng\/wp-content\/uploads\/2025\/09\/lost-in-the-city-3-300x225.png\" alt=\"\" width=\"300\" height=\"225\" srcset=\"data:image\/svg+xml,%3Csvg%20xmlns%3D%27http%3A%2F%2Fwww.w3.org%2F2000%2Fsvg%27%20width%3D%27300%27%20height%3D%27225%27%20viewBox%3D%270%200%20300%20225%27%3E%3Crect%20width%3D%27300%27%20height%3D%27225%27%20fill-opacity%3D%220%22%2F%3E%3C%2Fsvg%3E\" data-srcset=\"https:\/\/www.m3.com.tr\/eng\/wp-content\/uploads\/2025\/09\/lost-in-the-city-3-150x113.png 150w, https:\/\/www.m3.com.tr\/eng\/wp-content\/uploads\/2025\/09\/lost-in-the-city-3-300x225.png 300w, https:\/\/www.m3.com.tr\/eng\/wp-content\/uploads\/2025\/09\/lost-in-the-city-3-400x300.png 400w, https:\/\/www.m3.com.tr\/eng\/wp-content\/uploads\/2025\/09\/lost-in-the-city-3-600x450.png 600w, https:\/\/www.m3.com.tr\/eng\/wp-content\/uploads\/2025\/09\/lost-in-the-city-3-768x576.png 768w, https:\/\/www.m3.com.tr\/eng\/wp-content\/uploads\/2025\/09\/lost-in-the-city-3-800x600.png 800w, https:\/\/www.m3.com.tr\/eng\/wp-content\/uploads\/2025\/09\/lost-in-the-city-3-1024x768.png 1024w, https:\/\/www.m3.com.tr\/eng\/wp-content\/uploads\/2025\/09\/lost-in-the-city-3-1536x1152.png 1536w, https:\/\/www.m3.com.tr\/eng\/wp-content\/uploads\/2025\/09\/lost-in-the-city-3.png 1600w\" data-sizes=\"auto\" data-orig-sizes=\"(max-width: 300px) 100vw, 300px\" \/><\/a><\/p>\n<p>&nbsp;<\/p>\n<p>&nbsp;<\/p>\n<p>&nbsp;<\/p>\n<p>&nbsp;<\/p>\n<p>&nbsp;<\/p>\n<p>&nbsp;<\/p>\n<p>&nbsp;<\/p>\n<p>&nbsp;<\/p>\n<p>&nbsp;<\/p>\n<p>&nbsp;<\/p>\n<p>&nbsp;<\/p>\n<p>&nbsp;<\/p>\n<p>&nbsp;<\/p>\n<p><b>Franklin Templeton<\/b><\/p>\n<p><a href=\"http:\/\/www.m3.com.tr\/eng\/wp-content\/uploads\/2025\/05\/the-amazinf-race-istanbul.png\"><img decoding=\"async\" class=\"lazyload size-medium wp-image-4092 alignleft\" src=\"http:\/\/www.m3.com.tr\/eng\/wp-content\/uploads\/2025\/05\/the-amazinf-race-istanbul-300x225.png\" data-orig-src=\"http:\/\/www.m3.com.tr\/eng\/wp-content\/uploads\/2025\/05\/the-amazinf-race-istanbul-300x225.png\" alt=\"\" width=\"300\" height=\"225\" srcset=\"data:image\/svg+xml,%3Csvg%20xmlns%3D%27http%3A%2F%2Fwww.w3.org%2F2000%2Fsvg%27%20width%3D%27300%27%20height%3D%27225%27%20viewBox%3D%270%200%20300%20225%27%3E%3Crect%20width%3D%27300%27%20height%3D%27225%27%20fill-opacity%3D%220%22%2F%3E%3C%2Fsvg%3E\" data-srcset=\"https:\/\/www.m3.com.tr\/eng\/wp-content\/uploads\/2025\/05\/the-amazinf-race-istanbul-150x113.png 150w, https:\/\/www.m3.com.tr\/eng\/wp-content\/uploads\/2025\/05\/the-amazinf-race-istanbul-300x225.png 300w, https:\/\/www.m3.com.tr\/eng\/wp-content\/uploads\/2025\/05\/the-amazinf-race-istanbul-400x300.png 400w, https:\/\/www.m3.com.tr\/eng\/wp-content\/uploads\/2025\/05\/the-amazinf-race-istanbul-600x450.png 600w, https:\/\/www.m3.com.tr\/eng\/wp-content\/uploads\/2025\/05\/the-amazinf-race-istanbul-768x576.png 768w, https:\/\/www.m3.com.tr\/eng\/wp-content\/uploads\/2025\/05\/the-amazinf-race-istanbul-800x600.png 800w, https:\/\/www.m3.com.tr\/eng\/wp-content\/uploads\/2025\/05\/the-amazinf-race-istanbul-1024x768.png 1024w, https:\/\/www.m3.com.tr\/eng\/wp-content\/uploads\/2025\/05\/the-amazinf-race-istanbul-1536x1152.png 1536w, https:\/\/www.m3.com.tr\/eng\/wp-content\/uploads\/2025\/05\/the-amazinf-race-istanbul.png 1600w\" data-sizes=\"auto\" data-orig-sizes=\"(max-width: 300px) 100vw, 300px\" \/><\/a><\/p>\n<p>&nbsp;<\/p>\n<p>&nbsp;<\/p>\n<p>&nbsp;<\/p>\n<p>&nbsp;<\/p>\n<p>&nbsp;<\/p>\n<p>&nbsp;<\/p>\n<p>&nbsp;<\/p>\n<p><b>Bell Holding<\/b><\/p>\n<p><a href=\"http:\/\/www.m3.com.tr\/eng\/wp-content\/uploads\/2025\/05\/the-amazinf-race-istanbul-1.png\"><img decoding=\"async\" class=\"lazyload size-medium wp-image-4093 alignleft\" src=\"http:\/\/www.m3.com.tr\/eng\/wp-content\/uploads\/2025\/05\/the-amazinf-race-istanbul-1-300x225.png\" data-orig-src=\"http:\/\/www.m3.com.tr\/eng\/wp-content\/uploads\/2025\/05\/the-amazinf-race-istanbul-1-300x225.png\" alt=\"\" width=\"300\" height=\"225\" srcset=\"data:image\/svg+xml,%3Csvg%20xmlns%3D%27http%3A%2F%2Fwww.w3.org%2F2000%2Fsvg%27%20width%3D%27300%27%20height%3D%27225%27%20viewBox%3D%270%200%20300%20225%27%3E%3Crect%20width%3D%27300%27%20height%3D%27225%27%20fill-opacity%3D%220%22%2F%3E%3C%2Fsvg%3E\" data-srcset=\"https:\/\/www.m3.com.tr\/eng\/wp-content\/uploads\/2025\/05\/the-amazinf-race-istanbul-1-150x113.png 150w, https:\/\/www.m3.com.tr\/eng\/wp-content\/uploads\/2025\/05\/the-amazinf-race-istanbul-1-300x225.png 300w, https:\/\/www.m3.com.tr\/eng\/wp-content\/uploads\/2025\/05\/the-amazinf-race-istanbul-1-400x300.png 400w, https:\/\/www.m3.com.tr\/eng\/wp-content\/uploads\/2025\/05\/the-amazinf-race-istanbul-1-600x450.png 600w, https:\/\/www.m3.com.tr\/eng\/wp-content\/uploads\/2025\/05\/the-amazinf-race-istanbul-1-768x576.png 768w, https:\/\/www.m3.com.tr\/eng\/wp-content\/uploads\/2025\/05\/the-amazinf-race-istanbul-1-800x600.png 800w, https:\/\/www.m3.com.tr\/eng\/wp-content\/uploads\/2025\/05\/the-amazinf-race-istanbul-1-1024x768.png 1024w, https:\/\/www.m3.com.tr\/eng\/wp-content\/uploads\/2025\/05\/the-amazinf-race-istanbul-1-1536x1152.png 1536w, https:\/\/www.m3.com.tr\/eng\/wp-content\/uploads\/2025\/05\/the-amazinf-race-istanbul-1.png 1600w\" data-sizes=\"auto\" data-orig-sizes=\"(max-width: 300px) 100vw, 300px\" \/><\/a><\/p>\n<p>&nbsp;<\/p>\n<p>&nbsp;<\/p>\n<p>&nbsp;<\/p>\n<p>&nbsp;<\/p>\n<p>&nbsp;<\/p>\n<p>&nbsp;<\/p>\n<p>&nbsp;<\/p>\n<p><b>Sanofi<\/b><\/p>\n<p><a href=\"http:\/\/www.m3.com.tr\/eng\/wp-content\/uploads\/2025\/09\/foodhunt-2.png\"><img decoding=\"async\" class=\"lazyload size-medium wp-image-4099 alignleft\" src=\"http:\/\/www.m3.com.tr\/eng\/wp-content\/uploads\/2025\/09\/foodhunt-2-300x225.png\" data-orig-src=\"http:\/\/www.m3.com.tr\/eng\/wp-content\/uploads\/2025\/09\/foodhunt-2-300x225.png\" alt=\"\" width=\"300\" height=\"225\" srcset=\"data:image\/svg+xml,%3Csvg%20xmlns%3D%27http%3A%2F%2Fwww.w3.org%2F2000%2Fsvg%27%20width%3D%27300%27%20height%3D%27225%27%20viewBox%3D%270%200%20300%20225%27%3E%3Crect%20width%3D%27300%27%20height%3D%27225%27%20fill-opacity%3D%220%22%2F%3E%3C%2Fsvg%3E\" data-srcset=\"https:\/\/www.m3.com.tr\/eng\/wp-content\/uploads\/2025\/09\/foodhunt-2-150x113.png 150w, https:\/\/www.m3.com.tr\/eng\/wp-content\/uploads\/2025\/09\/foodhunt-2-300x225.png 300w, https:\/\/www.m3.com.tr\/eng\/wp-content\/uploads\/2025\/09\/foodhunt-2-400x300.png 400w, https:\/\/www.m3.com.tr\/eng\/wp-content\/uploads\/2025\/09\/foodhunt-2-600x450.png 600w, https:\/\/www.m3.com.tr\/eng\/wp-content\/uploads\/2025\/09\/foodhunt-2-768x576.png 768w, https:\/\/www.m3.com.tr\/eng\/wp-content\/uploads\/2025\/09\/foodhunt-2-800x600.png 800w, https:\/\/www.m3.com.tr\/eng\/wp-content\/uploads\/2025\/09\/foodhunt-2-1024x768.png 1024w, https:\/\/www.m3.com.tr\/eng\/wp-content\/uploads\/2025\/09\/foodhunt-2-1536x1152.png 1536w, https:\/\/www.m3.com.tr\/eng\/wp-content\/uploads\/2025\/09\/foodhunt-2.png 1600w\" data-sizes=\"auto\" data-orig-sizes=\"(max-width: 300px) 100vw, 300px\" \/><\/a><\/p>\n<p>&nbsp;<\/p>\n<p>&nbsp;<\/p>\n<p>&nbsp;<\/p>\n<p>&nbsp;<\/p>\n<p>&nbsp;<\/p>\n<p>&nbsp;<\/p>\n<p>&nbsp;<\/p>\n<p>&nbsp;<\/p>\n<p>&nbsp;<\/p>\n<div class=\"video-shortcode\"><iframe title=\"Treasure Hunt\" width=\"563\" height=\"1000\" src=\"https:\/\/www.youtube.com\/embed\/XzOgtopDmsk?feature=oembed\" frameborder=\"0\" allow=\"accelerometer; autoplay; clipboard-write; encrypted-media; gyroscope; picture-in-picture; web-share\" referrerpolicy=\"strict-origin-when-cross-origin\" allowfullscreen><\/iframe><\/div>\n","protected":false},"excerpt":{"rendered":"<p>&nbsp; &nbsp; Its adventure time The treasure hunt games we play with the tablets or other smart devices by uploaded missions and GPS track system , or the classical treasure <a href=\"https:\/\/www.m3.com.tr\/eng\/treasure-hunt\/\"> [&#8230;]<\/a><\/p>\n","protected":false},"author":2,"featured_media":0,"parent":0,"menu_order":0,"comment_status":"open","ping_status":"open","template":"","meta":{"footnotes":""},"class_list":["post-199","page","type-page","status-publish","hentry"],"aioseo_notices":[],"_links":{"self":[{"href":"https:\/\/www.m3.com.tr\/eng\/wp-json\/wp\/v2\/pages\/199","targetHints":{"allow":["GET"]}}],"collection":[{"href":"https:\/\/www.m3.com.tr\/eng\/wp-json\/wp\/v2\/pages"}],"about":[{"href":"https:\/\/www.m3.com.tr\/eng\/wp-json\/wp\/v2\/types\/page"}],"author":[{"embeddable":true,"href":"https:\/\/www.m3.com.tr\/eng\/wp-json\/wp\/v2\/users\/2"}],"replies":[{"embeddable":true,"href":"https:\/\/www.m3.com.tr\/eng\/wp-json\/wp\/v2\/comments?post=199"}],"version-history":[{"count":20,"href":"https:\/\/www.m3.com.tr\/eng\/wp-json\/wp\/v2\/pages\/199\/revisions"}],"predecessor-version":[{"id":4185,"href":"https:\/\/www.m3.com.tr\/eng\/wp-json\/wp\/v2\/pages\/199\/revisions\/4185"}],"wp:attachment":[{"href":"https:\/\/www.m3.com.tr\/eng\/wp-json\/wp\/v2\/media?parent=199"}],"curies":[{"name":"wp","href":"https:\/\/api.w.org\/{rel}","templated":true}]}}